{"id":434,"date":"2023-10-21T02:58:26","date_gmt":"2023-10-21T02:58:26","guid":{"rendered":"http:\/\/localhost\/indostio\/?page_id=434"},"modified":"2026-03-05T13:09:58","modified_gmt":"2026-03-05T13:09:58","slug":"kontakte","status":"publish","type":"page","link":"https:\/\/www.interventispecialiedili.it\/de\/contatti\/","title":{"rendered":"Kontakt"},"content":{"rendered":"\t\t<div data-elementor-type=\"wp-page\" data-elementor-id=\"434\" class=\"elementor elementor-434\" data-elementor-post-type=\"page\">\n\t\t\t\t<div class=\"elementor-element elementor-element-21eb68d e-flex e-con-boxed e-con e-parent\" data-id=\"21eb68d\" data-element_type=\"container\" data-e-type=\"container\" data-settings=\"{&quot;background_background&quot;:&quot;classic&quot;}\">\n\t\t\t\t\t<div class=\"e-con-inner\">\n\t\t\t\t<div class=\"elementor-element elementor-element-cb64f86 elementor-widget__width-auto elementor-widget elementor-widget-heading\" data-id=\"cb64f86\" data-element_type=\"widget\" data-e-type=\"widget\" data-widget_type=\"heading.default\">\n\t\t\t\t<div class=\"elementor-widget-container\">\n\t\t\t\t\t<h1 class=\"elementor-heading-title elementor-size-default\">Contatti<\/h1>\t\t\t\t<\/div>\n\t\t\t\t<\/div>\n\t\t\t\t\t<\/div>\n\t\t\t\t<\/div>\n\t\t<div class=\"elementor-element elementor-element-c660855 e-flex e-con-boxed e-con e-parent\" data-id=\"c660855\" data-element_type=\"container\" data-e-type=\"container\" data-settings=\"{&quot;background_background&quot;:&quot;classic&quot;}\">\n\t\t\t\t\t<div class=\"e-con-inner\">\n\t\t<div class=\"elementor-element elementor-element-11b06cb e-con-full e-flex e-con e-child\" data-id=\"11b06cb\" data-element_type=\"container\" data-e-type=\"container\">\n\t\t\t\t<div class=\"elementor-element elementor-element-b724503 elementor-widget elementor-widget-heading\" data-id=\"b724503\" data-element_type=\"widget\" data-e-type=\"widget\" data-widget_type=\"heading.default\">\n\t\t\t\t<div class=\"elementor-widget-container\">\n\t\t\t\t\t<h4 class=\"elementor-heading-title elementor-size-default\">\/\/ Richiedi un intervento<\/h4>\t\t\t\t<\/div>\n\t\t\t\t<\/div>\n\t\t\t\t<div class=\"elementor-element elementor-element-081ee6c elementor-widget elementor-widget-heading\" data-id=\"081ee6c\" data-element_type=\"widget\" data-e-type=\"widget\" data-widget_type=\"heading.default\">\n\t\t\t\t<div class=\"elementor-widget-container\">\n\t\t\t\t\t<h3 class=\"elementor-heading-title elementor-size-default\">Il tuo progetto \u00e8 la nostra priorit\u00e0<\/h3>\t\t\t\t<\/div>\n\t\t\t\t<\/div>\n\t\t\t\t<div class=\"elementor-element elementor-element-34581b3 elementor-widget elementor-widget-text-editor\" data-id=\"34581b3\" data-element_type=\"widget\" data-e-type=\"widget\" data-widget_type=\"text-editor.default\">\n\t\t\t\t<div class=\"elementor-widget-container\">\n\t\t\t\t\t\t\t\t\t<p>Siamo pronti a supportarti in ogni fase del tuo progetto, offrendo <b>soluzioni personalizzate e innovative<\/b> per soddisfare le tue esigenze specifiche, affrontando anche le sfide pi\u00f9 complesse.<\/p><p><span style=\"font-weight: 400;\">Lavoriamo con impegno costante per la qualit\u00e0, la sicurezza e la sostenibilit\u00e0, per costruire relazioni durature con i nostri clienti, basate sulla fiducia e sulla professionalit\u00e0.<\/span><\/p><p><b>Contattaci e scopri come possiamo collaborare per raggiungere i tuoi obiettivi.<\/b><\/p>\t\t\t\t\t\t\t\t<\/div>\n\t\t\t\t<\/div>\n\t\t\t\t<div class=\"elementor-element elementor-element-8459c51 elementor-widget-divider--view-line elementor-widget elementor-widget-divider\" data-id=\"8459c51\" data-element_type=\"widget\" data-e-type=\"widget\" data-widget_type=\"divider.default\">\n\t\t\t\t<div class=\"elementor-widget-container\">\n\t\t\t\t\t\t\t<div class=\"elementor-divider\">\n\t\t\t<span class=\"elementor-divider-separator\">\n\t\t\t\t\t\t<\/span>\n\t\t<\/div>\n\t\t\t\t\t\t<\/div>\n\t\t\t\t<\/div>\n\t\t\t\t<div class=\"elementor-element elementor-element-1f447e2 elementor-widget elementor-widget-text-editor\" data-id=\"1f447e2\" data-element_type=\"widget\" data-e-type=\"widget\" data-widget_type=\"text-editor.default\">\n\t\t\t\t<div class=\"elementor-widget-container\">\n\t\t\t\t\t\t\t\t\t<p><strong>Interventi Speciali Edili s.r.l.<\/strong><\/p><p><span style=\"font-weight: 400;\">Via di Valle, 375 &#8211; <\/span><span style=\"font-weight: 400;\">23012 Castione Andevenno (SO)<\/span><\/p>\t\t\t\t\t\t\t\t<\/div>\n\t\t\t\t<\/div>\n\t\t\t\t<div class=\"elementor-element elementor-element-b51dfe5 elementor-icon-list--layout-traditional elementor-list-item-link-full_width elementor-widget elementor-widget-icon-list\" data-id=\"b51dfe5\" data-element_type=\"widget\" data-e-type=\"widget\" data-widget_type=\"icon-list.default\">\n\t\t\t\t<div class=\"elementor-widget-container\">\n\t\t\t\t\t\t\t<ul class=\"elementor-icon-list-items\">\n\t\t\t\t\t\t\t<li class=\"elementor-icon-list-item\">\n\t\t\t\t\t\t\t\t\t\t\t<a href=\"tel:00390342598046\">\n\n\t\t\t\t\t\t\t\t\t\t\t\t<span class=\"elementor-icon-list-icon\">\n\t\t\t\t\t\t\t<svg aria-hidden=\"true\" class=\"e-font-icon-svg e-fas-phone-alt\" viewBox=\"0 0 512 512\" xmlns=\"http:\/\/www.w3.org\/2000\/svg\"><path d=\"M497.39 361.8l-112-48a24 24 0 0 0-28 6.9l-49.6 60.6A370.66 370.66 0 0 1 130.6 204.11l60.6-49.6a23.94 23.94 0 0 0 6.9-28l-48-112A24.16 24.16 0 0 0 122.6.61l-104 24A24 24 0 0 0 0 48c0 256.5 207.9 464 464 464a24 24 0 0 0 23.4-18.6l24-104a24.29 24.29 0 0 0-14.01-27.6z\"><\/path><\/svg>\t\t\t\t\t\t<\/span>\n\t\t\t\t\t\t\t\t\t\t<span class=\"elementor-icon-list-text\">Tel: 0342 598046<\/span>\n\t\t\t\t\t\t\t\t\t\t\t<\/a>\n\t\t\t\t\t\t\t\t\t<\/li>\n\t\t\t\t\t\t\t\t<li class=\"elementor-icon-list-item\">\n\t\t\t\t\t\t\t\t\t\t\t<a href=\"tel:+393356550817\">\n\n\t\t\t\t\t\t\t\t\t\t\t\t<span class=\"elementor-icon-list-icon\">\n\t\t\t\t\t\t\t<svg aria-hidden=\"true\" class=\"e-font-icon-svg e-fas-fax\" viewBox=\"0 0 512 512\" xmlns=\"http:\/\/www.w3.org\/2000\/svg\"><path d=\"M480 160V77.25a32 32 0 0 0-9.38-22.63L425.37 9.37A32 32 0 0 0 402.75 0H160a32 32 0 0 0-32 32v448a32 32 0 0 0 32 32h320a32 32 0 0 0 32-32V192a32 32 0 0 0-32-32zM288 432a16 16 0 0 1-16 16h-32a16 16 0 0 1-16-16v-32a16 16 0 0 1 16-16h32a16 16 0 0 1 16 16zm0-128a16 16 0 0 1-16 16h-32a16 16 0 0 1-16-16v-32a16 16 0 0 1 16-16h32a16 16 0 0 1 16 16zm128 128a16 16 0 0 1-16 16h-32a16 16 0 0 1-16-16v-32a16 16 0 0 1 16-16h32a16 16 0 0 1 16 16zm0-128a16 16 0 0 1-16 16h-32a16 16 0 0 1-16-16v-32a16 16 0 0 1 16-16h32a16 16 0 0 1 16 16zm0-112H192V64h160v48a16 16 0 0 0 16 16h48zM64 128H32a32 32 0 0 0-32 32v320a32 32 0 0 0 32 32h32a32 32 0 0 0 32-32V160a32 32 0 0 0-32-32z\"><\/path><\/svg>\t\t\t\t\t\t<\/span>\n\t\t\t\t\t\t\t\t\t\t<span class=\"elementor-icon-list-text\">Cell. Ivano Menegola: +39 335 655 0817<\/span>\n\t\t\t\t\t\t\t\t\t\t\t<\/a>\n\t\t\t\t\t\t\t\t\t<\/li>\n\t\t\t\t\t\t\t\t<li class=\"elementor-icon-list-item\">\n\t\t\t\t\t\t\t\t\t\t\t<a href=\"mailto:info@interventispecialiedili.it\">\n\n\t\t\t\t\t\t\t\t\t\t\t\t<span class=\"elementor-icon-list-icon\">\n\t\t\t\t\t\t\t<svg aria-hidden=\"true\" class=\"e-font-icon-svg e-far-envelope\" viewBox=\"0 0 512 512\" xmlns=\"http:\/\/www.w3.org\/2000\/svg\"><path d=\"M464 64H48C21.49 64 0 85.49 0 112v288c0 26.51 21.49 48 48 48h416c26.51 0 48-21.49 48-48V112c0-26.51-21.49-48-48-48zm0 48v40.805c-22.422 18.259-58.168 46.651-134.587 106.49-16.841 13.247-50.201 45.072-73.413 44.701-23.208.375-56.579-31.459-73.413-44.701C106.18 199.465 70.425 171.067 48 152.805V112h416zM48 400V214.398c22.914 18.251 55.409 43.862 104.938 82.646 21.857 17.205 60.134 55.186 103.062 54.955 42.717.231 80.509-37.199 103.053-54.947 49.528-38.783 82.032-64.401 104.947-82.653V400H48z\"><\/path><\/svg>\t\t\t\t\t\t<\/span>\n\t\t\t\t\t\t\t\t\t\t<span class=\"elementor-icon-list-text\">E-mail: info@interventispecialiedili.it<\/span>\n\t\t\t\t\t\t\t\t\t\t\t<\/a>\n\t\t\t\t\t\t\t\t\t<\/li>\n\t\t\t\t\t\t\t\t<li class=\"elementor-icon-list-item\">\n\t\t\t\t\t\t\t\t\t\t\t<a href=\"mailto:interventispecialiedili@pec.it\">\n\n\t\t\t\t\t\t\t\t\t\t\t\t<span class=\"elementor-icon-list-icon\">\n\t\t\t\t\t\t\t<svg aria-hidden=\"true\" class=\"e-font-icon-svg e-far-envelope\" viewBox=\"0 0 512 512\" xmlns=\"http:\/\/www.w3.org\/2000\/svg\"><path d=\"M464 64H48C21.49 64 0 85.49 0 112v288c0 26.51 21.49 48 48 48h416c26.51 0 48-21.49 48-48V112c0-26.51-21.49-48-48-48zm0 48v40.805c-22.422 18.259-58.168 46.651-134.587 106.49-16.841 13.247-50.201 45.072-73.413 44.701-23.208.375-56.579-31.459-73.413-44.701C106.18 199.465 70.425 171.067 48 152.805V112h416zM48 400V214.398c22.914 18.251 55.409 43.862 104.938 82.646 21.857 17.205 60.134 55.186 103.062 54.955 42.717.231 80.509-37.199 103.053-54.947 49.528-38.783 82.032-64.401 104.947-82.653V400H48z\"><\/path><\/svg>\t\t\t\t\t\t<\/span>\n\t\t\t\t\t\t\t\t\t\t<span class=\"elementor-icon-list-text\">Pec:  interventispecialiedili@pec.it<\/span>\n\t\t\t\t\t\t\t\t\t\t\t<\/a>\n\t\t\t\t\t\t\t\t\t<\/li>\n\t\t\t\t\t\t<\/ul>\n\t\t\t\t\t\t<\/div>\n\t\t\t\t<\/div>\n\t\t\t\t<\/div>\n\t\t<div class=\"elementor-element elementor-element-ca698e8 e-con-full e-flex e-con e-child\" data-id=\"ca698e8\" data-element_type=\"container\" data-e-type=\"container\">\n\t\t\t\t<div class=\"elementor-element elementor-element-909160f elementor-button-align-stretch elementor-widget elementor-widget-form\" data-id=\"909160f\" data-element_type=\"widget\" data-e-type=\"widget\" data-settings=\"{&quot;step_next_label&quot;:&quot;Successivo&quot;,&quot;step_previous_label&quot;:&quot;Precedente&quot;,&quot;button_width&quot;:&quot;100&quot;,&quot;step_type&quot;:&quot;number_text&quot;,&quot;step_icon_shape&quot;:&quot;circle&quot;}\" data-widget_type=\"form.default\">\n\t\t\t\t<div class=\"elementor-widget-container\">\n\t\t\t\t\t\t\t<form class=\"elementor-form\" method=\"post\" name=\"Form Contatti\" aria-label=\"Form Contatti\">\n\t\t\t<input type=\"hidden\" name=\"post_id\" value=\"434\"\/>\n\t\t\t<input type=\"hidden\" name=\"form_id\" value=\"909160f\"\/>\n\t\t\t<input type=\"hidden\" name=\"referer_title\" value=\"Interventi Speciali Edili\" \/>\n\n\t\t\t\n\t\t\t<div class=\"elementor-form-fields-wrapper elementor-labels-above\">\n\t\t\t\t\t\t\t\t<div class=\"elementor-field-type-html elementor-field-group elementor-column elementor-field-group-field_6950d29 elementor-col-100\">\n\t\t\t\t\t<em>Tutti i campi sono obbligatori<\/em>\t\t\t\t<\/div>\n\t\t\t\t\t\t\t\t<div class=\"elementor-field-type-text elementor-field-group elementor-column elementor-field-group-name elementor-col-50 elementor-field-required\">\n\t\t\t\t\t\t\t\t\t\t\t\t\t<input size=\"1\" type=\"text\" name=\"form_fields[name]\" id=\"form-field-name\" class=\"elementor-field elementor-size-md  elementor-field-textual\" placeholder=\"Nome\" required=\"required\">\n\t\t\t\t\t\t\t\t\t\t\t<\/div>\n\t\t\t\t\t\t\t\t<div class=\"elementor-field-type-text elementor-field-group elementor-column elementor-field-group-field_bdfc756 elementor-col-50 elementor-field-required\">\n\t\t\t\t\t\t\t\t\t\t\t\t\t<input size=\"1\" type=\"text\" name=\"form_fields[field_bdfc756]\" id=\"form-field-field_bdfc756\" class=\"elementor-field elementor-size-md  elementor-field-textual\" placeholder=\"Cognome\" required=\"required\">\n\t\t\t\t\t\t\t\t\t\t\t<\/div>\n\t\t\t\t\t\t\t\t<div class=\"elementor-field-type-email elementor-field-group elementor-column elementor-field-group-email elementor-col-100 elementor-field-required\">\n\t\t\t\t\t\t\t\t\t\t\t\t\t<input size=\"1\" type=\"email\" name=\"form_fields[email]\" id=\"form-field-email\" class=\"elementor-field elementor-size-md  elementor-field-textual\" placeholder=\"E-mail\" required=\"required\">\n\t\t\t\t\t\t\t\t\t\t\t<\/div>\n\t\t\t\t\t\t\t\t<div class=\"elementor-field-type-tel elementor-field-group elementor-column elementor-field-group-field_b01bcd0 elementor-col-100 elementor-field-required\">\n\t\t\t\t\t\t\t<input size=\"1\" type=\"tel\" name=\"form_fields[field_b01bcd0]\" id=\"form-field-field_b01bcd0\" class=\"elementor-field elementor-size-md  elementor-field-textual\" placeholder=\"Telefono\" required=\"required\" pattern=\"[0-9()#&amp;+*-=.]+\" title=\"Nur Nummern oder Telefon-Zeichen (#, -, *, etc) werden akzeptiert.\">\n\n\t\t\t\t\t\t<\/div>\n\t\t\t\t\t\t\t\t<div class=\"elementor-field-type-textarea elementor-field-group elementor-column elementor-field-group-message elementor-col-100 elementor-field-required\">\n\t\t\t\t\t<textarea class=\"elementor-field-textual elementor-field  elementor-size-md\" name=\"form_fields[message]\" id=\"form-field-message\" rows=\"4\" placeholder=\"Messaggio\" required=\"required\"><\/textarea>\t\t\t\t<\/div>\n\t\t\t\t\t\t\t\t<div class=\"elementor-field-type-acceptance elementor-field-group elementor-column elementor-field-group-field_bdafa01 elementor-col-100 elementor-field-required\">\n\t\t\t\t\t\t\t<div class=\"elementor-field-subgroup\">\n\t\t\t<span class=\"elementor-field-option\">\n\t\t\t\t<input type=\"checkbox\" name=\"form_fields[field_bdafa01]\" id=\"form-field-field_bdafa01\" class=\"elementor-field elementor-size-md  elementor-acceptance-field\" required=\"required\">\n\t\t\t\t<label for=\"form-field-field_bdafa01\">Ho letto e accetto le condizioni della <a href=\"https:\/\/www.iubenda.com\/privacy-policy\/84258778\" target=\"_blank\" rel=\"nofollow noopener noreferrer\">Privacy Policy<\/a><\/label>\t\t\t<\/span>\n\t\t<\/div>\n\t\t\t\t\t\t<\/div>\n\t\t\t\t\t\t\t\t<div class=\"elementor-field-type-recaptcha_v3 elementor-field-group elementor-column elementor-field-group-field_1df946d elementor-col-100 recaptcha_v3-inline\">\n\t\t\t\t\t<div class=\"elementor-field\" id=\"form-field-field_1df946d\"><div class=\"elementor-g-recaptcha\" data-sitekey=\"6LeDiYAsAAAAALVldvmdJlgAvSy0iI2arXZId7D_\" data-type=\"v3\" data-action=\"Form\" data-badge=\"inline\" data-size=\"invisible\"><\/div><\/div>\t\t\t\t<\/div>\n\t\t\t\t\t\t\t\t<div class=\"elementor-field-group elementor-column elementor-field-type-submit elementor-col-100 e-form__buttons\">\n\t\t\t\t\t<button class=\"elementor-button elementor-size-md\" type=\"submit\">\n\t\t\t\t\t\t<span class=\"elementor-button-content-wrapper\">\n\t\t\t\t\t\t\t\t\t\t\t\t\t\t\t\t\t\t\t\t\t\t<span class=\"elementor-button-text\">Invia richiesta<\/span>\n\t\t\t\t\t\t\t\t\t\t\t\t\t<\/span>\n\t\t\t\t\t<\/button>\n\t\t\t\t<\/div>\n\t\t\t<\/div>\n\t\t<\/form>\n\t\t\t\t\t\t<\/div>\n\t\t\t\t<\/div>\n\t\t\t\t<\/div>\n\t\t\t\t\t<\/div>\n\t\t\t\t<\/div>\n\t\t<div class=\"elementor-element elementor-element-ad2a2c5 e-con-full e-flex e-con e-parent\" data-id=\"ad2a2c5\" data-element_type=\"container\" data-e-type=\"container\">\n\t\t\t\t<div class=\"elementor-element elementor-element-3c3e27a elementor-widget elementor-widget-google_maps\" data-id=\"3c3e27a\" data-element_type=\"widget\" data-e-type=\"widget\" data-widget_type=\"google_maps.default\">\n\t\t\t\t<div class=\"elementor-widget-container\">\n\t\t\t\t\t\t\t<div class=\"elementor-custom-embed\">\n\t\t\t<iframe loading=\"lazy\"\n\t\t\t\t\tsrc=\"https:\/\/maps.google.com\/maps?q=castione%20andevenno%20%28SO%29%2C%20via%20nazionale%2018&#038;t=m&#038;z=12&#038;output=embed&#038;iwloc=near\"\n\t\t\t\t\ttitle=\"castione andevenno (SO), via nazionale 18\"\n\t\t\t\t\taria-label=\"castione andevenno (SO), via nazionale 18\"\n\t\t\t><\/iframe>\n\t\t<\/div>\n\t\t\t\t\t\t<\/div>\n\t\t\t\t<\/div>\n\t\t\t\t<\/div>\n\t\t\t\t<\/div>\n\t\t","protected":false},"excerpt":{"rendered":"<p>Contatti \/\/ Richiedi un intervento Il tuo progetto \u00e8 la nostra priorit\u00e0 Siamo pronti a supportarti in ogni fase del tuo progetto, offrendo soluzioni personalizzate e innovative per soddisfare le tue esigenze specifiche, affrontando anche le sfide pi\u00f9 complesse. Lavoriamo con impegno costante per la qualit\u00e0, la sicurezza e la sostenibilit\u00e0, per costruire relazioni durature [&hellip;]<\/p>\n","protected":false},"author":2,"featured_media":3923,"parent":0,"menu_order":4,"comment_status":"closed","ping_status":"closed","template":"","meta":{"footnotes":""},"class_list":["post-434","page","type-page","status-publish","has-post-thumbnail","hentry"],"yoast_head":"<!-- This site is optimized with the Yoast SEO plugin v27.0 - https:\/\/yoast.com\/product\/yoast-seo-wordpress\/ -->\n<title>Contatti | Interventi Speciali Edili<\/title>\n<meta name=\"description\" content=\"Mettiti in contatto con i professionisti delle demolizioni controllate, riqualificazioni e consolidamenti: affidaci il tuo progetto.\" \/>\n<meta name=\"robots\" content=\"index, follow, max-snippet:-1, max-image-preview:large, max-video-preview:-1\" \/>\n<link rel=\"canonical\" href=\"https:\/\/www.interventispecialiedili.it\/de\/kontakte\/\" \/>\n<meta property=\"og:locale\" content=\"de_DE\" \/>\n<meta property=\"og:type\" content=\"article\" \/>\n<meta property=\"og:title\" content=\"Contatti | Interventi Speciali Edili\" \/>\n<meta property=\"og:description\" content=\"Mettiti in contatto con i professionisti delle demolizioni controllate, riqualificazioni e consolidamenti: affidaci il tuo progetto.\" \/>\n<meta property=\"og:url\" content=\"https:\/\/www.interventispecialiedili.it\/de\/kontakte\/\" \/>\n<meta property=\"og:site_name\" content=\"Interventi Speciali Edili\" \/>\n<meta property=\"article:modified_time\" content=\"2026-03-05T13:09:58+00:00\" \/>\n<meta property=\"og:image\" content=\"https:\/\/www.interventispecialiedili.it\/wp-content\/uploads\/Ancoraggi-micropali-2.webp\" \/>\n\t<meta property=\"og:image:width\" content=\"1200\" \/>\n\t<meta property=\"og:image:height\" content=\"800\" \/>\n\t<meta property=\"og:image:type\" content=\"image\/webp\" \/>\n<meta name=\"twitter:card\" content=\"summary_large_image\" \/>\n<meta name=\"twitter:label1\" content=\"Gesch\u00e4tzte Lesezeit\" \/>\n\t<meta name=\"twitter:data1\" content=\"1\u00a0Minute\" \/>\n<script type=\"application\/ld+json\" class=\"yoast-schema-graph\">{\"@context\":\"https:\/\/schema.org\",\"@graph\":[{\"@type\":\"WebPage\",\"@id\":\"https:\/\/www.interventispecialiedili.it\/contatti\/\",\"url\":\"https:\/\/www.interventispecialiedili.it\/contatti\/\",\"name\":\"Contatti | Interventi Speciali Edili\",\"isPartOf\":{\"@id\":\"https:\/\/www.interventispecialiedili.it\/#website\"},\"primaryImageOfPage\":{\"@id\":\"https:\/\/www.interventispecialiedili.it\/contatti\/#primaryimage\"},\"image\":{\"@id\":\"https:\/\/www.interventispecialiedili.it\/contatti\/#primaryimage\"},\"thumbnailUrl\":\"https:\/\/www.interventispecialiedili.it\/wp-content\/uploads\/Ancoraggi-micropali-2.webp\",\"datePublished\":\"2023-10-21T02:58:26+00:00\",\"dateModified\":\"2026-03-05T13:09:58+00:00\",\"description\":\"Mettiti in contatto con i professionisti delle demolizioni controllate, riqualificazioni e consolidamenti: affidaci il tuo progetto.\",\"breadcrumb\":{\"@id\":\"https:\/\/www.interventispecialiedili.it\/contatti\/#breadcrumb\"},\"inLanguage\":\"de\",\"potentialAction\":[{\"@type\":\"ReadAction\",\"target\":[\"https:\/\/www.interventispecialiedili.it\/contatti\/\"]}]},{\"@type\":\"ImageObject\",\"inLanguage\":\"de\",\"@id\":\"https:\/\/www.interventispecialiedili.it\/contatti\/#primaryimage\",\"url\":\"https:\/\/www.interventispecialiedili.it\/wp-content\/uploads\/Ancoraggi-micropali-2.webp\",\"contentUrl\":\"https:\/\/www.interventispecialiedili.it\/wp-content\/uploads\/Ancoraggi-micropali-2.webp\",\"width\":1200,\"height\":800,\"caption\":\"Posa di micropali in cantiere\"},{\"@type\":\"BreadcrumbList\",\"@id\":\"https:\/\/www.interventispecialiedili.it\/contatti\/#breadcrumb\",\"itemListElement\":[{\"@type\":\"ListItem\",\"position\":1,\"name\":\"Home\",\"item\":\"https:\/\/www.interventispecialiedili.it\/\"},{\"@type\":\"ListItem\",\"position\":2,\"name\":\"Contatti\"}]},{\"@type\":\"WebSite\",\"@id\":\"https:\/\/www.interventispecialiedili.it\/#website\",\"url\":\"https:\/\/www.interventispecialiedili.it\/\",\"name\":\"Interventi Speciali Edili\",\"description\":\"Interventi Speciali Edili\",\"publisher\":{\"@id\":\"https:\/\/www.interventispecialiedili.it\/#organization\"},\"potentialAction\":[{\"@type\":\"SearchAction\",\"target\":{\"@type\":\"EntryPoint\",\"urlTemplate\":\"https:\/\/www.interventispecialiedili.it\/?s={search_term_string}\"},\"query-input\":{\"@type\":\"PropertyValueSpecification\",\"valueRequired\":true,\"valueName\":\"search_term_string\"}}],\"inLanguage\":\"de\"},{\"@type\":\"Organization\",\"@id\":\"https:\/\/www.interventispecialiedili.it\/#organization\",\"name\":\"Interventi Speciali Edili\",\"url\":\"https:\/\/www.interventispecialiedili.it\/\",\"logo\":{\"@type\":\"ImageObject\",\"inLanguage\":\"de\",\"@id\":\"https:\/\/www.interventispecialiedili.it\/#\/schema\/logo\/image\/\",\"url\":\"https:\/\/www.interventispecialiedili.it\/wp-content\/uploads\/Logo-Interventi-speciali-edili.svg\",\"contentUrl\":\"https:\/\/www.interventispecialiedili.it\/wp-content\/uploads\/Logo-Interventi-speciali-edili.svg\",\"width\":201,\"height\":66,\"caption\":\"Interventi Speciali Edili\"},\"image\":{\"@id\":\"https:\/\/www.interventispecialiedili.it\/#\/schema\/logo\/image\/\"}}]}<\/script>\n<!-- \/ Yoast SEO plugin. -->","yoast_head_json":{"title":"Ansprechpartner | Interventi Speciali Edili","description":"Wenden Sie sich an die Profis f\u00fcr kontrollierten Abbruch, Sanierung und Konsolidierung: Vertrauen Sie uns Ihr Projekt an.","robots":{"index":"index","follow":"follow","max-snippet":"max-snippet:-1","max-image-preview":"max-image-preview:large","max-video-preview":"max-video-preview:-1"},"canonical":"https:\/\/www.interventispecialiedili.it\/de\/kontakte\/","og_locale":"de_DE","og_type":"article","og_title":"Contatti | Interventi Speciali Edili","og_description":"Mettiti in contatto con i professionisti delle demolizioni controllate, riqualificazioni e consolidamenti: affidaci il tuo progetto.","og_url":"https:\/\/www.interventispecialiedili.it\/de\/kontakte\/","og_site_name":"Interventi Speciali Edili","article_modified_time":"2026-03-05T13:09:58+00:00","og_image":[{"width":1200,"height":800,"url":"https:\/\/www.interventispecialiedili.it\/wp-content\/uploads\/Ancoraggi-micropali-2.webp","type":"image\/webp"}],"twitter_card":"summary_large_image","twitter_misc":{"Gesch\u00e4tzte Lesezeit":"1\u00a0Minute"},"schema":{"@context":"https:\/\/schema.org","@graph":[{"@type":"WebPage","@id":"https:\/\/www.interventispecialiedili.it\/contatti\/","url":"https:\/\/www.interventispecialiedili.it\/contatti\/","name":"Ansprechpartner | Interventi Speciali Edili","isPartOf":{"@id":"https:\/\/www.interventispecialiedili.it\/#website"},"primaryImageOfPage":{"@id":"https:\/\/www.interventispecialiedili.it\/contatti\/#primaryimage"},"image":{"@id":"https:\/\/www.interventispecialiedili.it\/contatti\/#primaryimage"},"thumbnailUrl":"https:\/\/www.interventispecialiedili.it\/wp-content\/uploads\/Ancoraggi-micropali-2.webp","datePublished":"2023-10-21T02:58:26+00:00","dateModified":"2026-03-05T13:09:58+00:00","description":"Wenden Sie sich an die Profis f\u00fcr kontrollierten Abbruch, Sanierung und Konsolidierung: Vertrauen Sie uns Ihr Projekt an.","breadcrumb":{"@id":"https:\/\/www.interventispecialiedili.it\/contatti\/#breadcrumb"},"inLanguage":"de","potentialAction":[{"@type":"ReadAction","target":["https:\/\/www.interventispecialiedili.it\/contatti\/"]}]},{"@type":"ImageObject","inLanguage":"de","@id":"https:\/\/www.interventispecialiedili.it\/contatti\/#primaryimage","url":"https:\/\/www.interventispecialiedili.it\/wp-content\/uploads\/Ancoraggi-micropali-2.webp","contentUrl":"https:\/\/www.interventispecialiedili.it\/wp-content\/uploads\/Ancoraggi-micropali-2.webp","width":1200,"height":800,"caption":"Posa di micropali in cantiere"},{"@type":"BreadcrumbList","@id":"https:\/\/www.interventispecialiedili.it\/contatti\/#breadcrumb","itemListElement":[{"@type":"ListItem","position":1,"name":"Home","item":"https:\/\/www.interventispecialiedili.it\/"},{"@type":"ListItem","position":2,"name":"Contatti"}]},{"@type":"WebSite","@id":"https:\/\/www.interventispecialiedili.it\/#website","url":"https:\/\/www.interventispecialiedili.it\/","name":"Interventi Speciali Edili","description":"Interventi Speciali Edili","publisher":{"@id":"https:\/\/www.interventispecialiedili.it\/#organization"},"potentialAction":[{"@type":"SearchAction","target":{"@type":"EntryPoint","urlTemplate":"https:\/\/www.interventispecialiedili.it\/?s={search_term_string}"},"query-input":{"@type":"PropertyValueSpecification","valueRequired":true,"valueName":"search_term_string"}}],"inLanguage":"de"},{"@type":"Organization","@id":"https:\/\/www.interventispecialiedili.it\/#organization","name":"Interventi Speciali Edili","url":"https:\/\/www.interventispecialiedili.it\/","logo":{"@type":"ImageObject","inLanguage":"de","@id":"https:\/\/www.interventispecialiedili.it\/#\/schema\/logo\/image\/","url":"https:\/\/www.interventispecialiedili.it\/wp-content\/uploads\/Logo-Interventi-speciali-edili.svg","contentUrl":"https:\/\/www.interventispecialiedili.it\/wp-content\/uploads\/Logo-Interventi-speciali-edili.svg","width":201,"height":66,"caption":"Interventi Speciali Edili"},"image":{"@id":"https:\/\/www.interventispecialiedili.it\/#\/schema\/logo\/image\/"}}]}},"_links":{"self":[{"href":"https:\/\/www.interventispecialiedili.it\/de\/wp-json\/wp\/v2\/pages\/434","targetHints":{"allow":["GET"]}}],"collection":[{"href":"https:\/\/www.interventispecialiedili.it\/de\/wp-json\/wp\/v2\/pages"}],"about":[{"href":"https:\/\/www.interventispecialiedili.it\/de\/wp-json\/wp\/v2\/types\/page"}],"author":[{"embeddable":true,"href":"https:\/\/www.interventispecialiedili.it\/de\/wp-json\/wp\/v2\/users\/2"}],"replies":[{"embeddable":true,"href":"https:\/\/www.interventispecialiedili.it\/de\/wp-json\/wp\/v2\/comments?post=434"}],"version-history":[{"count":98,"href":"https:\/\/www.interventispecialiedili.it\/de\/wp-json\/wp\/v2\/pages\/434\/revisions"}],"predecessor-version":[{"id":6192,"href":"https:\/\/www.interventispecialiedili.it\/de\/wp-json\/wp\/v2\/pages\/434\/revisions\/6192"}],"wp:featuredmedia":[{"embeddable":true,"href":"https:\/\/www.interventispecialiedili.it\/de\/wp-json\/wp\/v2\/media\/3923"}],"wp:attachment":[{"href":"https:\/\/www.interventispecialiedili.it\/de\/wp-json\/wp\/v2\/media?parent=434"}],"curies":[{"name":"wp","href":"https:\/\/api.w.org\/{rel}","templated":true}]}}